{"id":1821,"date":"2025-03-29T11:02:43","date_gmt":"2025-03-29T09:02:43","guid":{"rendered":"https:\/\/parturikampaamoarja.net\/home\/"},"modified":"2025-04-21T18:08:28","modified_gmt":"2025-04-21T16:08:28","slug":"home","status":"publish","type":"page","link":"https:\/\/parturikampaamoarja.net\/","title":{"rendered":"Etusivu"},"content":{"rendered":"\t\t<div data-elementor-type=\"wp-page\" data-elementor-id=\"1821\" class=\"elementor elementor-1821\">\n\t\t\t\t<div class=\"elementor-element elementor-element-251600c e-flex e-con-boxed e-con e-parent\" data-id=\"251600c\" data-element_type=\"container\" data-e-type=\"container\" data-settings=\"{&quot;background_background&quot;:&quot;classic&quot;}\">\n\t\t\t\t\t<div class=\"e-con-inner\">\n\t\t<div class=\"elementor-element elementor-element-a2ad6b2 e-con-full e-flex e-con e-child\" data-id=\"a2ad6b2\" data-element_type=\"container\" data-e-type=\"container\">\n\t\t\t\t<div class=\"elementor-element elementor-element-3fbeb37 elementor-widget elementor-widget-heading\" data-id=\"3fbeb37\" data-element_type=\"widget\" data-e-type=\"widget\" data-widget_type=\"heading.default\">\n\t\t\t\t<div class=\"elementor-widget-container\">\n\t\t\t\t\t<h1 class=\"elementor-heading-title elementor-size-default\">Tervetuloa palveltavaksi parturi-kampaamo Arja P\u00e4iv\u00e4rintaan!\n<\/h1>\t\t\t\t<\/div>\n\t\t\t\t<\/div>\n\t\t\t\t<div class=\"elementor-element elementor-element-79f56fc elementor-widget elementor-widget-text-editor\" data-id=\"79f56fc\" data-element_type=\"widget\" data-e-type=\"widget\" data-widget_type=\"text-editor.default\">\n\t\t\t\t<div class=\"elementor-widget-container\">\n\t\t\t\t\t\t\t\t\t<p>Liikkeemme sijaitsee Lappeenrannan Lauritsalassa. Meid\u00e4n kampaamossamme saat aina henkil\u00f6kohtaista palvelua ja tyylikk\u00e4\u00e4t hiukset, jotka sopivat juuri sinulle. Meilt\u00e4 saat monipuoliset hiuspalvelut \u2013 leikkauksista v\u00e4rj\u00e4yksiin ja hoitoihin. Tervetuloa rentoutumaan ja hemmottelemaan itse\u00e4si ammattitaitoisten kampaajiemme k\u00e4siss\u00e4!<\/p>\t\t\t\t\t\t\t\t<\/div>\n\t\t\t\t<\/div>\n\t\t\t\t<div class=\"elementor-element elementor-element-0f4d909 elementor-mobile-align-justify elementor-widget elementor-widget-button\" data-id=\"0f4d909\" data-element_type=\"widget\" data-e-type=\"widget\" data-widget_type=\"button.default\">\n\t\t\t\t<div class=\"elementor-widget-container\">\n\t\t\t\t\t\t\t\t\t<div class=\"elementor-button-wrapper\">\n\t\t\t\t\t<a class=\"elementor-button elementor-button-link elementor-size-sm\" href=\"https:\/\/booksalon.fi\/parturikampaamo-arja-paivarinta\">\n\t\t\t\t\t\t<span class=\"elementor-button-content-wrapper\">\n\t\t\t\t\t\t\t\t\t<span class=\"elementor-button-text\">NETTIAJANVARAUS<\/span>\n\t\t\t\t\t<\/span>\n\t\t\t\t\t<\/a>\n\t\t\t\t<\/div>\n\t\t\t\t\t\t\t\t<\/div>\n\t\t\t\t<\/div>\n\t\t\t\t<\/div>\n\t\t<div class=\"elementor-element elementor-element-f198210 e-con-full e-flex e-con e-child\" data-id=\"f198210\" data-element_type=\"container\" data-e-type=\"container\" data-settings=\"{&quot;background_background&quot;:&quot;gradient&quot;}\">\n\t\t\t\t<div class=\"elementor-element elementor-element-dfe4724 elementor-widget elementor-widget-image\" data-id=\"dfe4724\" data-element_type=\"widget\" data-e-type=\"widget\" data-widget_type=\"image.default\">\n\t\t\t\t<div class=\"elementor-widget-container\">\n\t\t\t\t\t\t\t\t\t\t\t\t\t\t\t<img fetchpriority=\"high\" fetchpriority=\"high\" decoding=\"async\" width=\"1536\" height=\"2048\" src=\"https:\/\/parturikampaamoarja.net\/wp-content\/uploads\/2025\/03\/1000094142.jpg\" class=\"attachment-full size-full wp-image-1828\" alt=\"\" srcset=\"https:\/\/parturikampaamoarja.net\/wp-content\/uploads\/2025\/03\/1000094142.jpg 1536w, https:\/\/parturikampaamoarja.net\/wp-content\/uploads\/2025\/03\/1000094142-225x300.jpg 225w, https:\/\/parturikampaamoarja.net\/wp-content\/uploads\/2025\/03\/1000094142-768x1024.jpg 768w, https:\/\/parturikampaamoarja.net\/wp-content\/uploads\/2025\/03\/1000094142-1152x1536.jpg 1152w\" sizes=\"(max-width: 1536px) 100vw, 1536px\" \/>\t\t\t\t\t\t\t\t\t\t\t\t\t\t\t<\/div>\n\t\t\t\t<\/div>\n\t\t\t\t<\/div>\n\t\t\t\t\t<\/div>\n\t\t\t\t<\/div>\n\t\t<div class=\"elementor-element elementor-element-24ebd66 e-flex e-con-boxed e-con e-parent\" data-id=\"24ebd66\" data-element_type=\"container\" data-e-type=\"container\" id=\"contact\" data-settings=\"{&quot;background_background&quot;:&quot;classic&quot;}\">\n\t\t\t\t\t<div class=\"e-con-inner\">\n\t\t<div class=\"elementor-element elementor-element-6ba0866 e-con-full e-flex e-con e-child\" data-id=\"6ba0866\" data-element_type=\"container\" data-e-type=\"container\">\n\t\t\t\t<div class=\"elementor-element elementor-element-b89233e elementor-view-stacked elementor-shape-circle elementor-widget elementor-widget-icon\" data-id=\"b89233e\" data-element_type=\"widget\" data-e-type=\"widget\" data-widget_type=\"icon.default\">\n\t\t\t\t<div class=\"elementor-widget-container\">\n\t\t\t\t\t\t\t<div class=\"elementor-icon-wrapper\">\n\t\t\t<div class=\"elementor-icon\">\n\t\t\t<svg aria-hidden=\"true\" class=\"e-font-icon-svg e-fas-phone\" viewBox=\"0 0 512 512\" xmlns=\"http:\/\/www.w3.org\/2000\/svg\"><path d=\"M493.4 24.6l-104-24c-11.3-2.6-22.9 3.3-27.5 13.9l-48 112c-4.2 9.8-1.4 21.3 6.9 28l60.6 49.6c-36 76.7-98.9 140.5-177.2 177.2l-49.6-60.6c-6.8-8.3-18.2-11.1-28-6.9l-112 48C3.9 366.5-2 378.1.6 389.4l24 104C27.1 504.2 36.7 512 48 512c256.1 0 464-207.5 464-464 0-11.2-7.7-20.9-18.6-23.4z\"><\/path><\/svg>\t\t\t<\/div>\n\t\t<\/div>\n\t\t\t\t\t\t<\/div>\n\t\t\t\t<\/div>\n\t\t\t\t<div class=\"elementor-element elementor-element-c4e8fa7 elementor-widget elementor-widget-heading\" data-id=\"c4e8fa7\" data-element_type=\"widget\" data-e-type=\"widget\" data-widget_type=\"heading.default\">\n\t\t\t\t<div class=\"elementor-widget-container\">\n\t\t\t\t\t<h5 class=\"elementor-heading-title elementor-size-default\">Varaa aikasi netist\u00e4 tai soittamalla!<\/h5>\t\t\t\t<\/div>\n\t\t\t\t<\/div>\n\t\t\t\t<div class=\"elementor-element elementor-element-87eef20 elementor-widget elementor-widget-text-editor\" data-id=\"87eef20\" data-element_type=\"widget\" data-e-type=\"widget\" data-widget_type=\"text-editor.default\">\n\t\t\t\t<div class=\"elementor-widget-container\">\n\t\t\t\t\t\t\t\t\t<p>Meid\u00e4n kampaamomme on valmis luomaan juuri sinulle t\u00e4ydelliset hiukset. K\u00e4yt\u00e4 k\u00e4tev\u00e4\u00e4 ajanvarausj\u00e4rjestelm\u00e4\u00e4mme ja varmista aikasi heti!<\/p>\t\t\t\t\t\t\t\t<\/div>\n\t\t\t\t<\/div>\n\t\t\t\t<div class=\"elementor-element elementor-element-f7ad7f6 elementor-widget elementor-widget-heading\" data-id=\"f7ad7f6\" data-element_type=\"widget\" data-e-type=\"widget\" data-widget_type=\"heading.default\">\n\t\t\t\t<div class=\"elementor-widget-container\">\n\t\t\t\t\t<h2 class=\"elementor-heading-title elementor-size-default\">p. +358 50 329 6469<\/h2>\t\t\t\t<\/div>\n\t\t\t\t<\/div>\n\t\t\t\t<\/div>\n\t\t\t\t\t<\/div>\n\t\t\t\t<\/div>\n\t\t\t\t<\/div>\n\t\t","protected":false},"excerpt":{"rendered":"<p>Tervetuloa palveltavaksi parturi-kampaamo Arja P\u00e4iv\u00e4rintaan! Liikkeemme sijaitsee Lappeenrannan Lauritsalassa. Meid\u00e4n kampaamossamme saat aina henkil\u00f6kohtaista palvelua ja tyylikk\u00e4\u00e4t hiukset, jotka sopivat juuri sinulle. Meilt\u00e4 saat monipuoliset hiuspalvelut \u2013 leikkauksista v\u00e4rj\u00e4yksiin ja hoitoihin. Tervetuloa rentoutumaan ja hemmottelemaan itse\u00e4si ammattitaitoisten kampaajiemme k\u00e4siss\u00e4! NETTIAJANVARAUS Varaa aikasi netist\u00e4 tai soittamalla! Meid\u00e4n kampaamomme on valmis luomaan juuri sinulle t\u00e4ydelliset hiukset. K\u00e4yt\u00e4 [&hellip;]<\/p>\n","protected":false},"author":1,"featured_media":0,"parent":0,"menu_order":0,"comment_status":"closed","ping_status":"closed","template":"","meta":{"site-sidebar-layout":"no-sidebar","site-content-layout":"page-builder","ast-site-content-layout":"full-width-container","site-content-style":"unboxed","site-sidebar-style":"unboxed","ast-global-header-display":"","ast-banner-title-visibility":"","ast-main-header-display":"","ast-hfb-above-header-display":"","ast-hfb-below-header-display":"","ast-hfb-mobile-header-display":"","site-post-title":"disabled","ast-breadcrumbs-content":"","ast-featured-img":"disabled","footer-sml-layout":"","ast-disable-related-posts":"","theme-transparent-header-meta":"enabled","adv-header-id-meta":"","stick-header-meta":"","header-above-stick-meta":"","header-main-stick-meta":"","header-below-stick-meta":"","astra-migrate-meta-layouts":"set","ast-page-background-enabled":"default","ast-page-background-meta":{"desktop":{"background-color":"","background-image":"","background-repeat":"repeat","background-position":"center center","background-size":"auto","background-attachment":"scroll","background-type":"","background-media":"","overlay-type":"","overlay-color":"","overlay-opacity":"","overlay-gradient":""},"tablet":{"background-color":"","background-image":"","background-repeat":"repeat","background-position":"center center","background-size":"auto","background-attachment":"scroll","background-type":"","background-media":"","overlay-type":"","overlay-color":"","overlay-opacity":"","overlay-gradient":""},"mobile":{"background-color":"","background-image":"","background-repeat":"repeat","background-position":"center center","background-size":"auto","background-attachment":"scroll","background-type":"","background-media":"","overlay-type":"","overlay-color":"","overlay-opacity":"","overlay-gradient":""}},"ast-content-background-meta":{"desktop":{"background-color":"var(--ast-global-color-5)","background-image":"","background-repeat":"repeat","background-position":"center center","background-size":"auto","background-attachment":"scroll","background-type":"","background-media":"","overlay-type":"","overlay-color":"","overlay-opacity":"","overlay-gradient":""},"tablet":{"background-color":"var(--ast-global-color-5)","background-image":"","background-repeat":"repeat","background-position":"center center","background-size":"auto","background-attachment":"scroll","background-type":"","background-media":"","overlay-type":"","overlay-color":"","overlay-opacity":"","overlay-gradient":""},"mobile":{"background-color":"var(--ast-global-color-5)","background-image":"","background-repeat":"repeat","background-position":"center center","background-size":"auto","background-attachment":"scroll","background-type":"","background-media":"","overlay-type":"","overlay-color":"","overlay-opacity":"","overlay-gradient":""}},"footnotes":""},"class_list":["post-1821","page","type-page","status-publish","hentry"],"_links":{"self":[{"href":"https:\/\/parturikampaamoarja.net\/index.php?rest_route=\/wp\/v2\/pages\/1821","targetHints":{"allow":["GET"]}}],"collection":[{"href":"https:\/\/parturikampaamoarja.net\/index.php?rest_route=\/wp\/v2\/pages"}],"about":[{"href":"https:\/\/parturikampaamoarja.net\/index.php?rest_route=\/wp\/v2\/types\/page"}],"author":[{"embeddable":true,"href":"https:\/\/parturikampaamoarja.net\/index.php?rest_route=\/wp\/v2\/users\/1"}],"replies":[{"embeddable":true,"href":"https:\/\/parturikampaamoarja.net\/index.php?rest_route=%2Fwp%2Fv2%2Fcomments&post=1821"}],"version-history":[{"count":7,"href":"https:\/\/parturikampaamoarja.net\/index.php?rest_route=\/wp\/v2\/pages\/1821\/revisions"}],"predecessor-version":[{"id":1904,"href":"https:\/\/parturikampaamoarja.net\/index.php?rest_route=\/wp\/v2\/pages\/1821\/revisions\/1904"}],"wp:attachment":[{"href":"https:\/\/parturikampaamoarja.net\/index.php?rest_route=%2Fwp%2Fv2%2Fmedia&parent=1821"}],"curies":[{"name":"wp","href":"https:\/\/api.w.org\/{rel}","templated":true}]}}